{"id":1158,"date":"2017-11-26T23:09:21","date_gmt":"2017-11-26T21:09:21","guid":{"rendered":"https:\/\/hotelrivierastrand.se\/dk\/?page_id=1158"},"modified":"2025-03-12T10:40:28","modified_gmt":"2025-03-12T08:40:28","slug":"udflugter-bjarehalvoeen","status":"publish","type":"page","link":"https:\/\/hotelrivierastrand.se\/dk\/family-2\/udflugter-bjarehalvoeen\/","title":{"rendered":"Familieudflugter p\u00e5 Bj\u00e4rehalv\u00f8en"},"content":{"rendered":"","protected":false},"excerpt":{"rendered":"","protected":false},"author":7,"featured_media":0,"parent":2054,"menu_order":0,"comment_status":"closed","ping_status":"closed","template":"","meta":{"_acf_changed":false,"_relevanssi_hide_post":"","_relevanssi_pin_for_all":"","_relevanssi_pin_keywords":"","_relevanssi_unpin_keywords":"","_relevanssi_related_keywords":"","_relevanssi_related_include_ids":"","_relevanssi_related_exclude_ids":"","_relevanssi_related_no_append":"","_relevanssi_related_not_related":"","_relevanssi_related_posts":"","_relevanssi_noindex_reason":"","footnotes":""},"class_list":["post-1158","page","type-page","status-publish","hentry"],"acf":[],"yoast_head":"<!-- This site is optimized with the Yoast SEO plugin v24.2 - https:\/\/yoast.com\/wordpress\/plugins\/seo\/ -->\n<title>Familieudflugter p\u00e5 Bj\u00e4rehalv\u00f8en - Hotel Riviera Strand<\/title>\n<meta name=\"description\" content=\"Bj\u00e4rehalv\u00f8en og det nordlige Sk\u00e5ne byder p\u00e5 sjove udflugtsm\u00e5l for hele familien. Her f\u00e5r du tips om de bedste familieudflugter omkring B\u00e5stad.\" \/>\n<meta name=\"robots\" content=\"index, follow, max-snippet:-1, max-image-preview:large, max-video-preview:-1\" \/>\n<link rel=\"canonical\" href=\"https:\/\/hotelrivierastrand.se\/dk\/family-2\/udflugter-bjarehalvoeen\/\" \/>\n<meta property=\"og:locale\" content=\"sv_SE\" \/>\n<meta property=\"og:type\" content=\"article\" \/>\n<meta property=\"og:title\" content=\"Familieudflugter p\u00e5 Bj\u00e4rehalv\u00f8en - Hotel Riviera Strand\" \/>\n<meta property=\"og:description\" content=\"Bj\u00e4rehalv\u00f8en og det nordlige Sk\u00e5ne byder p\u00e5 sjove udflugtsm\u00e5l for hele familien. Her f\u00e5r du tips om de bedste familieudflugter omkring B\u00e5stad.\" \/>\n<meta property=\"og:url\" content=\"https:\/\/hotelrivierastrand.se\/dk\/family-2\/udflugter-bjarehalvoeen\/\" \/>\n<meta property=\"og:site_name\" content=\"Hotel Riviera Strand\" \/>\n<meta property=\"article:modified_time\" content=\"2025-03-12T08:40:28+00:00\" \/>\n<meta name=\"twitter:card\" content=\"summary_large_image\" \/>\n<script type=\"application\/ld+json\" class=\"yoast-schema-graph\">{\"@context\":\"https:\/\/schema.org\",\"@graph\":[{\"@type\":\"WebPage\",\"@id\":\"https:\/\/hotelrivierastrand.se\/dk\/family-2\/udflugter-bjarehalvoeen\/\",\"url\":\"https:\/\/hotelrivierastrand.se\/dk\/family-2\/udflugter-bjarehalvoeen\/\",\"name\":\"Familieudflugter p\u00e5 Bj\u00e4rehalv\u00f8en - Hotel Riviera Strand\",\"isPartOf\":{\"@id\":\"https:\/\/hotelrivierastrand.se\/dk\/#website\"},\"datePublished\":\"2017-11-26T21:09:21+00:00\",\"dateModified\":\"2025-03-12T08:40:28+00:00\",\"description\":\"Bj\u00e4rehalv\u00f8en og det nordlige Sk\u00e5ne byder p\u00e5 sjove udflugtsm\u00e5l for hele familien. Her f\u00e5r du tips om de bedste familieudflugter omkring B\u00e5stad.\",\"breadcrumb\":{\"@id\":\"https:\/\/hotelrivierastrand.se\/dk\/family-2\/udflugter-bjarehalvoeen\/#breadcrumb\"},\"inLanguage\":\"sv-SE\",\"potentialAction\":[{\"@type\":\"ReadAction\",\"target\":[\"https:\/\/hotelrivierastrand.se\/dk\/family-2\/udflugter-bjarehalvoeen\/\"]}]},{\"@type\":\"BreadcrumbList\",\"@id\":\"https:\/\/hotelrivierastrand.se\/dk\/family-2\/udflugter-bjarehalvoeen\/#breadcrumb\",\"itemListElement\":[{\"@type\":\"ListItem\",\"position\":1,\"name\":\"Home\",\"item\":\"https:\/\/hotelrivierastrand.se\/dk\/\"},{\"@type\":\"ListItem\",\"position\":2,\"name\":\"familie\",\"item\":\"https:\/\/hotelrivierastrand.se\/dk\/family-2\/\"},{\"@type\":\"ListItem\",\"position\":3,\"name\":\"Familieudflugter p\u00e5 Bj\u00e4rehalv\u00f8en\"}]},{\"@type\":\"WebSite\",\"@id\":\"https:\/\/hotelrivierastrand.se\/dk\/#website\",\"url\":\"https:\/\/hotelrivierastrand.se\/dk\/\",\"name\":\"Hotel Riviera Strand\",\"description\":\"\",\"potentialAction\":[{\"@type\":\"SearchAction\",\"target\":{\"@type\":\"EntryPoint\",\"urlTemplate\":\"https:\/\/hotelrivierastrand.se\/dk\/?s={search_term_string}\"},\"query-input\":{\"@type\":\"PropertyValueSpecification\",\"valueRequired\":true,\"valueName\":\"search_term_string\"}}],\"inLanguage\":\"sv-SE\"}]}<\/script>\n<!-- \/ Yoast SEO plugin. -->","yoast_head_json":{"title":"Familieudflugter p\u00e5 Bj\u00e4rehalv\u00f8en - Hotel Riviera Strand","description":"Bj\u00e4rehalv\u00f8en og det nordlige Sk\u00e5ne byder p\u00e5 sjove udflugtsm\u00e5l for hele familien. Her f\u00e5r du tips om de bedste familieudflugter omkring B\u00e5stad.","robots":{"index":"index","follow":"follow","max-snippet":"max-snippet:-1","max-image-preview":"max-image-preview:large","max-video-preview":"max-video-preview:-1"},"canonical":"https:\/\/hotelrivierastrand.se\/dk\/family-2\/udflugter-bjarehalvoeen\/","og_locale":"sv_SE","og_type":"article","og_title":"Familieudflugter p\u00e5 Bj\u00e4rehalv\u00f8en - Hotel Riviera Strand","og_description":"Bj\u00e4rehalv\u00f8en og det nordlige Sk\u00e5ne byder p\u00e5 sjove udflugtsm\u00e5l for hele familien. Her f\u00e5r du tips om de bedste familieudflugter omkring B\u00e5stad.","og_url":"https:\/\/hotelrivierastrand.se\/dk\/family-2\/udflugter-bjarehalvoeen\/","og_site_name":"Hotel Riviera Strand","article_modified_time":"2025-03-12T08:40:28+00:00","twitter_card":"summary_large_image","schema":{"@context":"https:\/\/schema.org","@graph":[{"@type":"WebPage","@id":"https:\/\/hotelrivierastrand.se\/dk\/family-2\/udflugter-bjarehalvoeen\/","url":"https:\/\/hotelrivierastrand.se\/dk\/family-2\/udflugter-bjarehalvoeen\/","name":"Familieudflugter p\u00e5 Bj\u00e4rehalv\u00f8en - Hotel Riviera Strand","isPartOf":{"@id":"https:\/\/hotelrivierastrand.se\/dk\/#website"},"datePublished":"2017-11-26T21:09:21+00:00","dateModified":"2025-03-12T08:40:28+00:00","description":"Bj\u00e4rehalv\u00f8en og det nordlige Sk\u00e5ne byder p\u00e5 sjove udflugtsm\u00e5l for hele familien. Her f\u00e5r du tips om de bedste familieudflugter omkring B\u00e5stad.","breadcrumb":{"@id":"https:\/\/hotelrivierastrand.se\/dk\/family-2\/udflugter-bjarehalvoeen\/#breadcrumb"},"inLanguage":"sv-SE","potentialAction":[{"@type":"ReadAction","target":["https:\/\/hotelrivierastrand.se\/dk\/family-2\/udflugter-bjarehalvoeen\/"]}]},{"@type":"BreadcrumbList","@id":"https:\/\/hotelrivierastrand.se\/dk\/family-2\/udflugter-bjarehalvoeen\/#breadcrumb","itemListElement":[{"@type":"ListItem","position":1,"name":"Home","item":"https:\/\/hotelrivierastrand.se\/dk\/"},{"@type":"ListItem","position":2,"name":"familie","item":"https:\/\/hotelrivierastrand.se\/dk\/family-2\/"},{"@type":"ListItem","position":3,"name":"Familieudflugter p\u00e5 Bj\u00e4rehalv\u00f8en"}]},{"@type":"WebSite","@id":"https:\/\/hotelrivierastrand.se\/dk\/#website","url":"https:\/\/hotelrivierastrand.se\/dk\/","name":"Hotel Riviera Strand","description":"","potentialAction":[{"@type":"SearchAction","target":{"@type":"EntryPoint","urlTemplate":"https:\/\/hotelrivierastrand.se\/dk\/?s={search_term_string}"},"query-input":{"@type":"PropertyValueSpecification","valueRequired":true,"valueName":"search_term_string"}}],"inLanguage":"sv-SE"}]}},"_links":{"self":[{"href":"https:\/\/hotelrivierastrand.se\/dk\/wp-json\/wp\/v2\/pages\/1158","targetHints":{"allow":["GET"]}}],"collection":[{"href":"https:\/\/hotelrivierastrand.se\/dk\/wp-json\/wp\/v2\/pages"}],"about":[{"href":"https:\/\/hotelrivierastrand.se\/dk\/wp-json\/wp\/v2\/types\/page"}],"author":[{"embeddable":true,"href":"https:\/\/hotelrivierastrand.se\/dk\/wp-json\/wp\/v2\/users\/7"}],"replies":[{"embeddable":true,"href":"https:\/\/hotelrivierastrand.se\/dk\/wp-json\/wp\/v2\/comments?post=1158"}],"version-history":[{"count":11,"href":"https:\/\/hotelrivierastrand.se\/dk\/wp-json\/wp\/v2\/pages\/1158\/revisions"}],"predecessor-version":[{"id":3635,"href":"https:\/\/hotelrivierastrand.se\/dk\/wp-json\/wp\/v2\/pages\/1158\/revisions\/3635"}],"up":[{"embeddable":true,"href":"https:\/\/hotelrivierastrand.se\/dk\/wp-json\/wp\/v2\/pages\/2054"}],"wp:attachment":[{"href":"https:\/\/hotelrivierastrand.se\/dk\/wp-json\/wp\/v2\/media?parent=1158"}],"curies":[{"name":"wp","href":"https:\/\/api.w.org\/{rel}","templated":true}]}}