{"id":196,"date":"2017-09-26T11:26:37","date_gmt":"2017-09-26T09:26:37","guid":{"rendered":"https:\/\/hotelrivierastrand.se\/dk\/?page_id=196"},"modified":"2025-11-24T11:25:49","modified_gmt":"2025-11-24T09:25:49","slug":"weekend-hotelpakker-skane","status":"publish","type":"page","link":"https:\/\/hotelrivierastrand.se\/dk\/weekend-hotelpakker-skane\/","title":{"rendered":"Weekend- og hotelpakke i Sk\u00e5ne"},"content":{"rendered":"","protected":false},"excerpt":{"rendered":"","protected":false},"author":1,"featured_media":0,"parent":0,"menu_order":-500000,"comment_status":"closed","ping_status":"closed","template":"","meta":{"_acf_changed":false,"_relevanssi_hide_post":"","_relevanssi_pin_for_all":"","_relevanssi_pin_keywords":"","_relevanssi_unpin_keywords":"","_relevanssi_related_keywords":"","_relevanssi_related_include_ids":"","_relevanssi_related_exclude_ids":"","_relevanssi_related_no_append":"","_relevanssi_related_not_related":"","_relevanssi_related_posts":"","_relevanssi_noindex_reason":"","footnotes":""},"class_list":["post-196","page","type-page","status-publish","hentry"],"acf":[],"yoast_head":"<!-- This site is optimized with the Yoast SEO plugin v24.2 - https:\/\/yoast.com\/wordpress\/plugins\/seo\/ -->\n<title>Weekend- og hotelpakke Sk\u00e5ne \u2013 Hotel Riviera Strand B\u00e5stad<\/title>\n<meta name=\"description\" content=\"Book en weekend- eller hotelpakke med afslapning og aktiviteter for hele familien. Bo p\u00e5 Hotel Riviera Strand lige ved stranden i B\u00e5stad, Sk\u00e5ne.\" \/>\n<meta name=\"robots\" content=\"index, follow, max-snippet:-1, max-image-preview:large, max-video-preview:-1\" \/>\n<link rel=\"canonical\" href=\"https:\/\/hotelrivierastrand.se\/dk\/weekend-hotelpakker-skane\/\" \/>\n<meta property=\"og:locale\" content=\"sv_SE\" \/>\n<meta property=\"og:type\" content=\"article\" \/>\n<meta property=\"og:title\" content=\"Weekend- og hotelpakke Sk\u00e5ne \u2013 Hotel Riviera Strand B\u00e5stad\" \/>\n<meta property=\"og:description\" content=\"Book en weekend- eller hotelpakke med afslapning og aktiviteter for hele familien. Bo p\u00e5 Hotel Riviera Strand lige ved stranden i B\u00e5stad, Sk\u00e5ne.\" \/>\n<meta property=\"og:url\" content=\"https:\/\/hotelrivierastrand.se\/dk\/weekend-hotelpakker-skane\/\" \/>\n<meta property=\"og:site_name\" content=\"Hotel Riviera Strand\" \/>\n<meta property=\"article:modified_time\" content=\"2025-11-24T09:25:49+00:00\" \/>\n<meta name=\"twitter:card\" content=\"summary_large_image\" \/>\n<script type=\"application\/ld+json\" class=\"yoast-schema-graph\">{\"@context\":\"https:\/\/schema.org\",\"@graph\":[{\"@type\":\"WebPage\",\"@id\":\"https:\/\/hotelrivierastrand.se\/dk\/weekend-hotelpakker-skane\/\",\"url\":\"https:\/\/hotelrivierastrand.se\/dk\/weekend-hotelpakker-skane\/\",\"name\":\"Weekend- og hotelpakke Sk\u00e5ne \u2013 Hotel Riviera Strand B\u00e5stad\",\"isPartOf\":{\"@id\":\"https:\/\/hotelrivierastrand.se\/dk\/#website\"},\"datePublished\":\"2017-09-26T09:26:37+00:00\",\"dateModified\":\"2025-11-24T09:25:49+00:00\",\"description\":\"Book en weekend- eller hotelpakke med afslapning og aktiviteter for hele familien. Bo p\u00e5 Hotel Riviera Strand lige ved stranden i B\u00e5stad, Sk\u00e5ne.\",\"breadcrumb\":{\"@id\":\"https:\/\/hotelrivierastrand.se\/dk\/weekend-hotelpakker-skane\/#breadcrumb\"},\"inLanguage\":\"sv-SE\",\"potentialAction\":[{\"@type\":\"ReadAction\",\"target\":[\"https:\/\/hotelrivierastrand.se\/dk\/weekend-hotelpakker-skane\/\"]}]},{\"@type\":\"BreadcrumbList\",\"@id\":\"https:\/\/hotelrivierastrand.se\/dk\/weekend-hotelpakker-skane\/#breadcrumb\",\"itemListElement\":[{\"@type\":\"ListItem\",\"position\":1,\"name\":\"Home\",\"item\":\"https:\/\/hotelrivierastrand.se\/dk\/\"},{\"@type\":\"ListItem\",\"position\":2,\"name\":\"Weekend- og hotelpakke i Sk\u00e5ne\"}]},{\"@type\":\"WebSite\",\"@id\":\"https:\/\/hotelrivierastrand.se\/dk\/#website\",\"url\":\"https:\/\/hotelrivierastrand.se\/dk\/\",\"name\":\"Hotel Riviera Strand\",\"description\":\"\",\"potentialAction\":[{\"@type\":\"SearchAction\",\"target\":{\"@type\":\"EntryPoint\",\"urlTemplate\":\"https:\/\/hotelrivierastrand.se\/dk\/?s={search_term_string}\"},\"query-input\":{\"@type\":\"PropertyValueSpecification\",\"valueRequired\":true,\"valueName\":\"search_term_string\"}}],\"inLanguage\":\"sv-SE\"}]}<\/script>\n<!-- \/ Yoast SEO plugin. -->","yoast_head_json":{"title":"Weekend- og hotelpakke Sk\u00e5ne \u2013 Hotel Riviera Strand B\u00e5stad","description":"Book en weekend- eller hotelpakke med afslapning og aktiviteter for hele familien. Bo p\u00e5 Hotel Riviera Strand lige ved stranden i B\u00e5stad, Sk\u00e5ne.","robots":{"index":"index","follow":"follow","max-snippet":"max-snippet:-1","max-image-preview":"max-image-preview:large","max-video-preview":"max-video-preview:-1"},"canonical":"https:\/\/hotelrivierastrand.se\/dk\/weekend-hotelpakker-skane\/","og_locale":"sv_SE","og_type":"article","og_title":"Weekend- og hotelpakke Sk\u00e5ne \u2013 Hotel Riviera Strand B\u00e5stad","og_description":"Book en weekend- eller hotelpakke med afslapning og aktiviteter for hele familien. Bo p\u00e5 Hotel Riviera Strand lige ved stranden i B\u00e5stad, Sk\u00e5ne.","og_url":"https:\/\/hotelrivierastrand.se\/dk\/weekend-hotelpakker-skane\/","og_site_name":"Hotel Riviera Strand","article_modified_time":"2025-11-24T09:25:49+00:00","twitter_card":"summary_large_image","schema":{"@context":"https:\/\/schema.org","@graph":[{"@type":"WebPage","@id":"https:\/\/hotelrivierastrand.se\/dk\/weekend-hotelpakker-skane\/","url":"https:\/\/hotelrivierastrand.se\/dk\/weekend-hotelpakker-skane\/","name":"Weekend- og hotelpakke Sk\u00e5ne \u2013 Hotel Riviera Strand B\u00e5stad","isPartOf":{"@id":"https:\/\/hotelrivierastrand.se\/dk\/#website"},"datePublished":"2017-09-26T09:26:37+00:00","dateModified":"2025-11-24T09:25:49+00:00","description":"Book en weekend- eller hotelpakke med afslapning og aktiviteter for hele familien. Bo p\u00e5 Hotel Riviera Strand lige ved stranden i B\u00e5stad, Sk\u00e5ne.","breadcrumb":{"@id":"https:\/\/hotelrivierastrand.se\/dk\/weekend-hotelpakker-skane\/#breadcrumb"},"inLanguage":"sv-SE","potentialAction":[{"@type":"ReadAction","target":["https:\/\/hotelrivierastrand.se\/dk\/weekend-hotelpakker-skane\/"]}]},{"@type":"BreadcrumbList","@id":"https:\/\/hotelrivierastrand.se\/dk\/weekend-hotelpakker-skane\/#breadcrumb","itemListElement":[{"@type":"ListItem","position":1,"name":"Home","item":"https:\/\/hotelrivierastrand.se\/dk\/"},{"@type":"ListItem","position":2,"name":"Weekend- og hotelpakke i Sk\u00e5ne"}]},{"@type":"WebSite","@id":"https:\/\/hotelrivierastrand.se\/dk\/#website","url":"https:\/\/hotelrivierastrand.se\/dk\/","name":"Hotel Riviera Strand","description":"","potentialAction":[{"@type":"SearchAction","target":{"@type":"EntryPoint","urlTemplate":"https:\/\/hotelrivierastrand.se\/dk\/?s={search_term_string}"},"query-input":{"@type":"PropertyValueSpecification","valueRequired":true,"valueName":"search_term_string"}}],"inLanguage":"sv-SE"}]}},"_links":{"self":[{"href":"https:\/\/hotelrivierastrand.se\/dk\/wp-json\/wp\/v2\/pages\/196","targetHints":{"allow":["GET"]}}],"collection":[{"href":"https:\/\/hotelrivierastrand.se\/dk\/wp-json\/wp\/v2\/pages"}],"about":[{"href":"https:\/\/hotelrivierastrand.se\/dk\/wp-json\/wp\/v2\/types\/page"}],"author":[{"embeddable":true,"href":"https:\/\/hotelrivierastrand.se\/dk\/wp-json\/wp\/v2\/users\/1"}],"replies":[{"embeddable":true,"href":"https:\/\/hotelrivierastrand.se\/dk\/wp-json\/wp\/v2\/comments?post=196"}],"version-history":[{"count":11,"href":"https:\/\/hotelrivierastrand.se\/dk\/wp-json\/wp\/v2\/pages\/196\/revisions"}],"predecessor-version":[{"id":3084,"href":"https:\/\/hotelrivierastrand.se\/dk\/wp-json\/wp\/v2\/pages\/196\/revisions\/3084"}],"wp:attachment":[{"href":"https:\/\/hotelrivierastrand.se\/dk\/wp-json\/wp\/v2\/media?parent=196"}],"curies":[{"name":"wp","href":"https:\/\/api.w.org\/{rel}","templated":true}]}}