{"id":2054,"date":"2019-05-13T12:00:44","date_gmt":"2019-05-13T10:00:44","guid":{"rendered":"https:\/\/hotelrivierastrand.se\/dk\/?page_id=2054"},"modified":"2025-01-21T17:18:57","modified_gmt":"2025-01-21T15:18:57","slug":"family-2","status":"publish","type":"page","link":"https:\/\/hotelrivierastrand.se\/dk\/family-2\/","title":{"rendered":"familie"},"content":{"rendered":"","protected":false},"excerpt":{"rendered":"","protected":false},"author":25,"featured_media":0,"parent":0,"menu_order":0,"comment_status":"closed","ping_status":"closed","template":"","meta":{"_acf_changed":false,"_relevanssi_hide_post":"","_relevanssi_pin_for_all":"","_relevanssi_pin_keywords":"","_relevanssi_unpin_keywords":"","_relevanssi_related_keywords":"","_relevanssi_related_include_ids":"","_relevanssi_related_exclude_ids":"","_relevanssi_related_no_append":"","_relevanssi_related_not_related":"","_relevanssi_related_posts":"","_relevanssi_noindex_reason":"","footnotes":""},"class_list":["post-2054","page","type-page","status-publish","hentry"],"acf":[],"yoast_head":"<!-- This site is optimized with the Yoast SEO plugin v24.2 - https:\/\/yoast.com\/wordpress\/plugins\/seo\/ -->\n<title>Hele familiens hotel \u2013 Hotel Riviera Strand i B\u00e5stad, Sk\u00e5ne<\/title>\n<meta name=\"description\" content=\"Velkommen til et rigtig familievenligt hotel hvor de voksne kobler af og b\u00f8rnene har plads til at v\u00e6re b\u00f8rn. L\u00e6s om vores poolhus og aktiviteter for b\u00f8rn!\" \/>\n<meta name=\"robots\" content=\"index, follow, max-snippet:-1, max-image-preview:large, max-video-preview:-1\" \/>\n<link rel=\"canonical\" href=\"https:\/\/hotelrivierastrand.se\/dk\/family-2\/\" \/>\n<meta property=\"og:locale\" content=\"sv_SE\" \/>\n<meta property=\"og:type\" content=\"article\" \/>\n<meta property=\"og:title\" content=\"Hele familiens hotel \u2013 Hotel Riviera Strand i B\u00e5stad, Sk\u00e5ne\" \/>\n<meta property=\"og:description\" content=\"Velkommen til et rigtig familievenligt hotel hvor de voksne kobler af og b\u00f8rnene har plads til at v\u00e6re b\u00f8rn. L\u00e6s om vores poolhus og aktiviteter for b\u00f8rn!\" \/>\n<meta property=\"og:url\" content=\"https:\/\/hotelrivierastrand.se\/dk\/family-2\/\" \/>\n<meta property=\"og:site_name\" content=\"Hotel Riviera Strand\" \/>\n<meta property=\"article:modified_time\" content=\"2025-01-21T15:18:57+00:00\" \/>\n<meta name=\"twitter:card\" content=\"summary_large_image\" \/>\n<script type=\"application\/ld+json\" class=\"yoast-schema-graph\">{\"@context\":\"https:\/\/schema.org\",\"@graph\":[{\"@type\":\"WebPage\",\"@id\":\"https:\/\/hotelrivierastrand.se\/dk\/family-2\/\",\"url\":\"https:\/\/hotelrivierastrand.se\/dk\/family-2\/\",\"name\":\"Hele familiens hotel \u2013 Hotel Riviera Strand i B\u00e5stad, Sk\u00e5ne\",\"isPartOf\":{\"@id\":\"https:\/\/hotelrivierastrand.se\/dk\/#website\"},\"datePublished\":\"2019-05-13T10:00:44+00:00\",\"dateModified\":\"2025-01-21T15:18:57+00:00\",\"description\":\"Velkommen til et rigtig familievenligt hotel hvor de voksne kobler af og b\u00f8rnene har plads til at v\u00e6re b\u00f8rn. L\u00e6s om vores poolhus og aktiviteter for b\u00f8rn!\",\"breadcrumb\":{\"@id\":\"https:\/\/hotelrivierastrand.se\/dk\/family-2\/#breadcrumb\"},\"inLanguage\":\"sv-SE\",\"potentialAction\":[{\"@type\":\"ReadAction\",\"target\":[\"https:\/\/hotelrivierastrand.se\/dk\/family-2\/\"]}]},{\"@type\":\"BreadcrumbList\",\"@id\":\"https:\/\/hotelrivierastrand.se\/dk\/family-2\/#breadcrumb\",\"itemListElement\":[{\"@type\":\"ListItem\",\"position\":1,\"name\":\"Home\",\"item\":\"https:\/\/hotelrivierastrand.se\/dk\/\"},{\"@type\":\"ListItem\",\"position\":2,\"name\":\"familie\"}]},{\"@type\":\"WebSite\",\"@id\":\"https:\/\/hotelrivierastrand.se\/dk\/#website\",\"url\":\"https:\/\/hotelrivierastrand.se\/dk\/\",\"name\":\"Hotel Riviera Strand\",\"description\":\"\",\"potentialAction\":[{\"@type\":\"SearchAction\",\"target\":{\"@type\":\"EntryPoint\",\"urlTemplate\":\"https:\/\/hotelrivierastrand.se\/dk\/?s={search_term_string}\"},\"query-input\":{\"@type\":\"PropertyValueSpecification\",\"valueRequired\":true,\"valueName\":\"search_term_string\"}}],\"inLanguage\":\"sv-SE\"}]}<\/script>\n<!-- \/ Yoast SEO plugin. -->","yoast_head_json":{"title":"Hele familiens hotel \u2013 Hotel Riviera Strand i B\u00e5stad, Sk\u00e5ne","description":"Velkommen til et rigtig familievenligt hotel hvor de voksne kobler af og b\u00f8rnene har plads til at v\u00e6re b\u00f8rn. L\u00e6s om vores poolhus og aktiviteter for b\u00f8rn!","robots":{"index":"index","follow":"follow","max-snippet":"max-snippet:-1","max-image-preview":"max-image-preview:large","max-video-preview":"max-video-preview:-1"},"canonical":"https:\/\/hotelrivierastrand.se\/dk\/family-2\/","og_locale":"sv_SE","og_type":"article","og_title":"Hele familiens hotel \u2013 Hotel Riviera Strand i B\u00e5stad, Sk\u00e5ne","og_description":"Velkommen til et rigtig familievenligt hotel hvor de voksne kobler af og b\u00f8rnene har plads til at v\u00e6re b\u00f8rn. L\u00e6s om vores poolhus og aktiviteter for b\u00f8rn!","og_url":"https:\/\/hotelrivierastrand.se\/dk\/family-2\/","og_site_name":"Hotel Riviera Strand","article_modified_time":"2025-01-21T15:18:57+00:00","twitter_card":"summary_large_image","schema":{"@context":"https:\/\/schema.org","@graph":[{"@type":"WebPage","@id":"https:\/\/hotelrivierastrand.se\/dk\/family-2\/","url":"https:\/\/hotelrivierastrand.se\/dk\/family-2\/","name":"Hele familiens hotel \u2013 Hotel Riviera Strand i B\u00e5stad, Sk\u00e5ne","isPartOf":{"@id":"https:\/\/hotelrivierastrand.se\/dk\/#website"},"datePublished":"2019-05-13T10:00:44+00:00","dateModified":"2025-01-21T15:18:57+00:00","description":"Velkommen til et rigtig familievenligt hotel hvor de voksne kobler af og b\u00f8rnene har plads til at v\u00e6re b\u00f8rn. L\u00e6s om vores poolhus og aktiviteter for b\u00f8rn!","breadcrumb":{"@id":"https:\/\/hotelrivierastrand.se\/dk\/family-2\/#breadcrumb"},"inLanguage":"sv-SE","potentialAction":[{"@type":"ReadAction","target":["https:\/\/hotelrivierastrand.se\/dk\/family-2\/"]}]},{"@type":"BreadcrumbList","@id":"https:\/\/hotelrivierastrand.se\/dk\/family-2\/#breadcrumb","itemListElement":[{"@type":"ListItem","position":1,"name":"Home","item":"https:\/\/hotelrivierastrand.se\/dk\/"},{"@type":"ListItem","position":2,"name":"familie"}]},{"@type":"WebSite","@id":"https:\/\/hotelrivierastrand.se\/dk\/#website","url":"https:\/\/hotelrivierastrand.se\/dk\/","name":"Hotel Riviera Strand","description":"","potentialAction":[{"@type":"SearchAction","target":{"@type":"EntryPoint","urlTemplate":"https:\/\/hotelrivierastrand.se\/dk\/?s={search_term_string}"},"query-input":{"@type":"PropertyValueSpecification","valueRequired":true,"valueName":"search_term_string"}}],"inLanguage":"sv-SE"}]}},"_links":{"self":[{"href":"https:\/\/hotelrivierastrand.se\/dk\/wp-json\/wp\/v2\/pages\/2054","targetHints":{"allow":["GET"]}}],"collection":[{"href":"https:\/\/hotelrivierastrand.se\/dk\/wp-json\/wp\/v2\/pages"}],"about":[{"href":"https:\/\/hotelrivierastrand.se\/dk\/wp-json\/wp\/v2\/types\/page"}],"author":[{"embeddable":true,"href":"https:\/\/hotelrivierastrand.se\/dk\/wp-json\/wp\/v2\/users\/25"}],"replies":[{"embeddable":true,"href":"https:\/\/hotelrivierastrand.se\/dk\/wp-json\/wp\/v2\/comments?post=2054"}],"version-history":[{"count":10,"href":"https:\/\/hotelrivierastrand.se\/dk\/wp-json\/wp\/v2\/pages\/2054\/revisions"}],"predecessor-version":[{"id":3535,"href":"https:\/\/hotelrivierastrand.se\/dk\/wp-json\/wp\/v2\/pages\/2054\/revisions\/3535"}],"wp:attachment":[{"href":"https:\/\/hotelrivierastrand.se\/dk\/wp-json\/wp\/v2\/media?parent=2054"}],"curies":[{"name":"wp","href":"https:\/\/api.w.org\/{rel}","templated":true}]}}