{"id":2087,"date":"2019-05-13T12:21:45","date_gmt":"2019-05-13T10:21:45","guid":{"rendered":"https:\/\/hotelrivierastrand.se\/dk\/?page_id=2087"},"modified":"2019-05-13T12:21:45","modified_gmt":"2019-05-13T10:21:45","slug":"fest-med-familien","status":"publish","type":"page","link":"https:\/\/hotelrivierastrand.se\/dk\/family-2\/fest-med-familien\/","title":{"rendered":"Fest med familien"},"content":{"rendered":"","protected":false},"excerpt":{"rendered":"","protected":false},"author":25,"featured_media":0,"parent":2054,"menu_order":0,"comment_status":"closed","ping_status":"closed","template":"","meta":{"_acf_changed":false,"_relevanssi_hide_post":"","_relevanssi_pin_for_all":"","_relevanssi_pin_keywords":"","_relevanssi_unpin_keywords":"","_relevanssi_related_keywords":"","_relevanssi_related_include_ids":"","_relevanssi_related_exclude_ids":"","_relevanssi_related_no_append":"","_relevanssi_related_not_related":"","_relevanssi_related_posts":"","_relevanssi_noindex_reason":"","footnotes":""},"class_list":["post-2087","page","type-page","status-publish","hentry"],"acf":[],"yoast_head":"<!-- This site is optimized with the Yoast SEO plugin v24.2 - https:\/\/yoast.com\/wordpress\/plugins\/seo\/ -->\n<title>Fest med familien - Familiefest - Hotel Riviera Strand B\u00e5stad<\/title>\n<meta name=\"description\" content=\"Tag farmor og farfar med p\u00e5 turen eller indbyd hele familien til fest. P\u00e5 Hotel Riviera Strand er der plads til alle, uanset alder. L\u00e6s mere her!\" \/>\n<meta name=\"robots\" content=\"index, follow, max-snippet:-1, max-image-preview:large, max-video-preview:-1\" \/>\n<link rel=\"canonical\" href=\"https:\/\/hotelrivierastrand.se\/dk\/family-2\/fest-med-familien\/\" \/>\n<meta property=\"og:locale\" content=\"sv_SE\" \/>\n<meta property=\"og:type\" content=\"article\" \/>\n<meta property=\"og:title\" content=\"Fest med familien - Familiefest - Hotel Riviera Strand B\u00e5stad\" \/>\n<meta property=\"og:description\" content=\"Tag farmor og farfar med p\u00e5 turen eller indbyd hele familien til fest. P\u00e5 Hotel Riviera Strand er der plads til alle, uanset alder. L\u00e6s mere her!\" \/>\n<meta property=\"og:url\" content=\"https:\/\/hotelrivierastrand.se\/dk\/family-2\/fest-med-familien\/\" \/>\n<meta property=\"og:site_name\" content=\"Hotel Riviera Strand\" \/>\n<meta name=\"twitter:card\" content=\"summary_large_image\" \/>\n<script type=\"application\/ld+json\" class=\"yoast-schema-graph\">{\"@context\":\"https:\/\/schema.org\",\"@graph\":[{\"@type\":\"WebPage\",\"@id\":\"https:\/\/hotelrivierastrand.se\/dk\/family-2\/fest-med-familien\/\",\"url\":\"https:\/\/hotelrivierastrand.se\/dk\/family-2\/fest-med-familien\/\",\"name\":\"Fest med familien - Familiefest - Hotel Riviera Strand B\u00e5stad\",\"isPartOf\":{\"@id\":\"https:\/\/hotelrivierastrand.se\/dk\/#website\"},\"datePublished\":\"2019-05-13T10:21:45+00:00\",\"dateModified\":\"2019-05-13T10:21:45+00:00\",\"description\":\"Tag farmor og farfar med p\u00e5 turen eller indbyd hele familien til fest. P\u00e5 Hotel Riviera Strand er der plads til alle, uanset alder. L\u00e6s mere her!\",\"breadcrumb\":{\"@id\":\"https:\/\/hotelrivierastrand.se\/dk\/family-2\/fest-med-familien\/#breadcrumb\"},\"inLanguage\":\"sv-SE\",\"potentialAction\":[{\"@type\":\"ReadAction\",\"target\":[\"https:\/\/hotelrivierastrand.se\/dk\/family-2\/fest-med-familien\/\"]}]},{\"@type\":\"BreadcrumbList\",\"@id\":\"https:\/\/hotelrivierastrand.se\/dk\/family-2\/fest-med-familien\/#breadcrumb\",\"itemListElement\":[{\"@type\":\"ListItem\",\"position\":1,\"name\":\"Home\",\"item\":\"https:\/\/hotelrivierastrand.se\/dk\/\"},{\"@type\":\"ListItem\",\"position\":2,\"name\":\"familie\",\"item\":\"https:\/\/hotelrivierastrand.se\/dk\/family-2\/\"},{\"@type\":\"ListItem\",\"position\":3,\"name\":\"Fest med familien\"}]},{\"@type\":\"WebSite\",\"@id\":\"https:\/\/hotelrivierastrand.se\/dk\/#website\",\"url\":\"https:\/\/hotelrivierastrand.se\/dk\/\",\"name\":\"Hotel Riviera Strand\",\"description\":\"\",\"potentialAction\":[{\"@type\":\"SearchAction\",\"target\":{\"@type\":\"EntryPoint\",\"urlTemplate\":\"https:\/\/hotelrivierastrand.se\/dk\/?s={search_term_string}\"},\"query-input\":{\"@type\":\"PropertyValueSpecification\",\"valueRequired\":true,\"valueName\":\"search_term_string\"}}],\"inLanguage\":\"sv-SE\"}]}<\/script>\n<!-- \/ Yoast SEO plugin. -->","yoast_head_json":{"title":"Fest med familien - Familiefest - Hotel Riviera Strand B\u00e5stad","description":"Tag farmor og farfar med p\u00e5 turen eller indbyd hele familien til fest. P\u00e5 Hotel Riviera Strand er der plads til alle, uanset alder. L\u00e6s mere her!","robots":{"index":"index","follow":"follow","max-snippet":"max-snippet:-1","max-image-preview":"max-image-preview:large","max-video-preview":"max-video-preview:-1"},"canonical":"https:\/\/hotelrivierastrand.se\/dk\/family-2\/fest-med-familien\/","og_locale":"sv_SE","og_type":"article","og_title":"Fest med familien - Familiefest - Hotel Riviera Strand B\u00e5stad","og_description":"Tag farmor og farfar med p\u00e5 turen eller indbyd hele familien til fest. P\u00e5 Hotel Riviera Strand er der plads til alle, uanset alder. L\u00e6s mere her!","og_url":"https:\/\/hotelrivierastrand.se\/dk\/family-2\/fest-med-familien\/","og_site_name":"Hotel Riviera Strand","twitter_card":"summary_large_image","schema":{"@context":"https:\/\/schema.org","@graph":[{"@type":"WebPage","@id":"https:\/\/hotelrivierastrand.se\/dk\/family-2\/fest-med-familien\/","url":"https:\/\/hotelrivierastrand.se\/dk\/family-2\/fest-med-familien\/","name":"Fest med familien - Familiefest - Hotel Riviera Strand B\u00e5stad","isPartOf":{"@id":"https:\/\/hotelrivierastrand.se\/dk\/#website"},"datePublished":"2019-05-13T10:21:45+00:00","dateModified":"2019-05-13T10:21:45+00:00","description":"Tag farmor og farfar med p\u00e5 turen eller indbyd hele familien til fest. P\u00e5 Hotel Riviera Strand er der plads til alle, uanset alder. L\u00e6s mere her!","breadcrumb":{"@id":"https:\/\/hotelrivierastrand.se\/dk\/family-2\/fest-med-familien\/#breadcrumb"},"inLanguage":"sv-SE","potentialAction":[{"@type":"ReadAction","target":["https:\/\/hotelrivierastrand.se\/dk\/family-2\/fest-med-familien\/"]}]},{"@type":"BreadcrumbList","@id":"https:\/\/hotelrivierastrand.se\/dk\/family-2\/fest-med-familien\/#breadcrumb","itemListElement":[{"@type":"ListItem","position":1,"name":"Home","item":"https:\/\/hotelrivierastrand.se\/dk\/"},{"@type":"ListItem","position":2,"name":"familie","item":"https:\/\/hotelrivierastrand.se\/dk\/family-2\/"},{"@type":"ListItem","position":3,"name":"Fest med familien"}]},{"@type":"WebSite","@id":"https:\/\/hotelrivierastrand.se\/dk\/#website","url":"https:\/\/hotelrivierastrand.se\/dk\/","name":"Hotel Riviera Strand","description":"","potentialAction":[{"@type":"SearchAction","target":{"@type":"EntryPoint","urlTemplate":"https:\/\/hotelrivierastrand.se\/dk\/?s={search_term_string}"},"query-input":{"@type":"PropertyValueSpecification","valueRequired":true,"valueName":"search_term_string"}}],"inLanguage":"sv-SE"}]}},"_links":{"self":[{"href":"https:\/\/hotelrivierastrand.se\/dk\/wp-json\/wp\/v2\/pages\/2087","targetHints":{"allow":["GET"]}}],"collection":[{"href":"https:\/\/hotelrivierastrand.se\/dk\/wp-json\/wp\/v2\/pages"}],"about":[{"href":"https:\/\/hotelrivierastrand.se\/dk\/wp-json\/wp\/v2\/types\/page"}],"author":[{"embeddable":true,"href":"https:\/\/hotelrivierastrand.se\/dk\/wp-json\/wp\/v2\/users\/25"}],"replies":[{"embeddable":true,"href":"https:\/\/hotelrivierastrand.se\/dk\/wp-json\/wp\/v2\/comments?post=2087"}],"version-history":[{"count":5,"href":"https:\/\/hotelrivierastrand.se\/dk\/wp-json\/wp\/v2\/pages\/2087\/revisions"}],"predecessor-version":[{"id":2112,"href":"https:\/\/hotelrivierastrand.se\/dk\/wp-json\/wp\/v2\/pages\/2087\/revisions\/2112"}],"up":[{"embeddable":true,"href":"https:\/\/hotelrivierastrand.se\/dk\/wp-json\/wp\/v2\/pages\/2054"}],"wp:attachment":[{"href":"https:\/\/hotelrivierastrand.se\/dk\/wp-json\/wp\/v2\/media?parent=2087"}],"curies":[{"name":"wp","href":"https:\/\/api.w.org\/{rel}","templated":true}]}}