{"id":232,"date":"2017-09-26T11:35:47","date_gmt":"2017-09-26T09:35:47","guid":{"rendered":"https:\/\/hotelrivierastrand.se\/dk\/?page_id=232"},"modified":"2026-04-09T14:27:36","modified_gmt":"2026-04-09T12:27:36","slug":"strandhotel-skane","status":"publish","type":"page","link":"https:\/\/hotelrivierastrand.se\/dk\/strandhotel-skane\/","title":{"rendered":"Strandhotel i flot natur i Sk\u00e5ne"},"content":{"rendered":"","protected":false},"excerpt":{"rendered":"","protected":false},"author":1,"featured_media":0,"parent":0,"menu_order":1,"comment_status":"closed","ping_status":"closed","template":"","meta":{"_acf_changed":false,"_relevanssi_hide_post":"","_relevanssi_pin_for_all":"","_relevanssi_pin_keywords":"","_relevanssi_unpin_keywords":"","_relevanssi_related_keywords":"","_relevanssi_related_include_ids":"","_relevanssi_related_exclude_ids":"","_relevanssi_related_no_append":"","_relevanssi_related_not_related":"","_relevanssi_related_posts":"","_relevanssi_noindex_reason":"","footnotes":""},"class_list":["post-232","page","type-page","status-publish","hentry"],"acf":[],"yoast_head":"<!-- This site is optimized with the Yoast SEO plugin v24.2 - https:\/\/yoast.com\/wordpress\/plugins\/seo\/ -->\n<title>Strandhotel i flot natur i Sk\u00e5ne - Hotel Riviera Strand<\/title>\n<meta name=\"description\" content=\"Strandhotel i den flotte Malenskoven lige ved havet i B\u00e5stad i det nordlige Sk\u00e5ne. G\u00f8r dig klar til en naturn\u00e6r familieferie med en bekvem luksus.\" \/>\n<meta name=\"robots\" content=\"index, follow, max-snippet:-1, max-image-preview:large, max-video-preview:-1\" \/>\n<link rel=\"canonical\" href=\"https:\/\/hotelrivierastrand.se\/dk\/strandhotel-skane\/\" \/>\n<meta property=\"og:locale\" content=\"sv_SE\" \/>\n<meta property=\"og:type\" content=\"article\" \/>\n<meta property=\"og:title\" content=\"Strandhotel i flot natur i Sk\u00e5ne - Hotel Riviera Strand\" \/>\n<meta property=\"og:description\" content=\"Strandhotel i den flotte Malenskoven lige ved havet i B\u00e5stad i det nordlige Sk\u00e5ne. G\u00f8r dig klar til en naturn\u00e6r familieferie med en bekvem luksus.\" \/>\n<meta property=\"og:url\" content=\"https:\/\/hotelrivierastrand.se\/dk\/strandhotel-skane\/\" \/>\n<meta property=\"og:site_name\" content=\"Hotel Riviera Strand\" \/>\n<meta property=\"article:modified_time\" content=\"2026-04-09T12:27:36+00:00\" \/>\n<meta name=\"twitter:card\" content=\"summary_large_image\" \/>\n<script type=\"application\/ld+json\" class=\"yoast-schema-graph\">{\"@context\":\"https:\/\/schema.org\",\"@graph\":[{\"@type\":\"WebPage\",\"@id\":\"https:\/\/hotelrivierastrand.se\/dk\/strandhotel-skane\/\",\"url\":\"https:\/\/hotelrivierastrand.se\/dk\/strandhotel-skane\/\",\"name\":\"Strandhotel i flot natur i Sk\u00e5ne - Hotel Riviera Strand\",\"isPartOf\":{\"@id\":\"https:\/\/hotelrivierastrand.se\/dk\/#website\"},\"datePublished\":\"2017-09-26T09:35:47+00:00\",\"dateModified\":\"2026-04-09T12:27:36+00:00\",\"description\":\"Strandhotel i den flotte Malenskoven lige ved havet i B\u00e5stad i det nordlige Sk\u00e5ne. G\u00f8r dig klar til en naturn\u00e6r familieferie med en bekvem luksus.\",\"breadcrumb\":{\"@id\":\"https:\/\/hotelrivierastrand.se\/dk\/strandhotel-skane\/#breadcrumb\"},\"inLanguage\":\"sv-SE\",\"potentialAction\":[{\"@type\":\"ReadAction\",\"target\":[\"https:\/\/hotelrivierastrand.se\/dk\/strandhotel-skane\/\"]}]},{\"@type\":\"BreadcrumbList\",\"@id\":\"https:\/\/hotelrivierastrand.se\/dk\/strandhotel-skane\/#breadcrumb\",\"itemListElement\":[{\"@type\":\"ListItem\",\"position\":1,\"name\":\"Home\",\"item\":\"https:\/\/hotelrivierastrand.se\/dk\/\"},{\"@type\":\"ListItem\",\"position\":2,\"name\":\"Strandhotel i flot natur i Sk\u00e5ne\"}]},{\"@type\":\"WebSite\",\"@id\":\"https:\/\/hotelrivierastrand.se\/dk\/#website\",\"url\":\"https:\/\/hotelrivierastrand.se\/dk\/\",\"name\":\"Hotel Riviera Strand\",\"description\":\"\",\"potentialAction\":[{\"@type\":\"SearchAction\",\"target\":{\"@type\":\"EntryPoint\",\"urlTemplate\":\"https:\/\/hotelrivierastrand.se\/dk\/?s={search_term_string}\"},\"query-input\":{\"@type\":\"PropertyValueSpecification\",\"valueRequired\":true,\"valueName\":\"search_term_string\"}}],\"inLanguage\":\"sv-SE\"}]}<\/script>\n<!-- \/ Yoast SEO plugin. -->","yoast_head_json":{"title":"Strandhotel i flot natur i Sk\u00e5ne - Hotel Riviera Strand","description":"Strandhotel i den flotte Malenskoven lige ved havet i B\u00e5stad i det nordlige Sk\u00e5ne. G\u00f8r dig klar til en naturn\u00e6r familieferie med en bekvem luksus.","robots":{"index":"index","follow":"follow","max-snippet":"max-snippet:-1","max-image-preview":"max-image-preview:large","max-video-preview":"max-video-preview:-1"},"canonical":"https:\/\/hotelrivierastrand.se\/dk\/strandhotel-skane\/","og_locale":"sv_SE","og_type":"article","og_title":"Strandhotel i flot natur i Sk\u00e5ne - Hotel Riviera Strand","og_description":"Strandhotel i den flotte Malenskoven lige ved havet i B\u00e5stad i det nordlige Sk\u00e5ne. G\u00f8r dig klar til en naturn\u00e6r familieferie med en bekvem luksus.","og_url":"https:\/\/hotelrivierastrand.se\/dk\/strandhotel-skane\/","og_site_name":"Hotel Riviera Strand","article_modified_time":"2026-04-09T12:27:36+00:00","twitter_card":"summary_large_image","schema":{"@context":"https:\/\/schema.org","@graph":[{"@type":"WebPage","@id":"https:\/\/hotelrivierastrand.se\/dk\/strandhotel-skane\/","url":"https:\/\/hotelrivierastrand.se\/dk\/strandhotel-skane\/","name":"Strandhotel i flot natur i Sk\u00e5ne - Hotel Riviera Strand","isPartOf":{"@id":"https:\/\/hotelrivierastrand.se\/dk\/#website"},"datePublished":"2017-09-26T09:35:47+00:00","dateModified":"2026-04-09T12:27:36+00:00","description":"Strandhotel i den flotte Malenskoven lige ved havet i B\u00e5stad i det nordlige Sk\u00e5ne. G\u00f8r dig klar til en naturn\u00e6r familieferie med en bekvem luksus.","breadcrumb":{"@id":"https:\/\/hotelrivierastrand.se\/dk\/strandhotel-skane\/#breadcrumb"},"inLanguage":"sv-SE","potentialAction":[{"@type":"ReadAction","target":["https:\/\/hotelrivierastrand.se\/dk\/strandhotel-skane\/"]}]},{"@type":"BreadcrumbList","@id":"https:\/\/hotelrivierastrand.se\/dk\/strandhotel-skane\/#breadcrumb","itemListElement":[{"@type":"ListItem","position":1,"name":"Home","item":"https:\/\/hotelrivierastrand.se\/dk\/"},{"@type":"ListItem","position":2,"name":"Strandhotel i flot natur i Sk\u00e5ne"}]},{"@type":"WebSite","@id":"https:\/\/hotelrivierastrand.se\/dk\/#website","url":"https:\/\/hotelrivierastrand.se\/dk\/","name":"Hotel Riviera Strand","description":"","potentialAction":[{"@type":"SearchAction","target":{"@type":"EntryPoint","urlTemplate":"https:\/\/hotelrivierastrand.se\/dk\/?s={search_term_string}"},"query-input":{"@type":"PropertyValueSpecification","valueRequired":true,"valueName":"search_term_string"}}],"inLanguage":"sv-SE"}]}},"_links":{"self":[{"href":"https:\/\/hotelrivierastrand.se\/dk\/wp-json\/wp\/v2\/pages\/232","targetHints":{"allow":["GET"]}}],"collection":[{"href":"https:\/\/hotelrivierastrand.se\/dk\/wp-json\/wp\/v2\/pages"}],"about":[{"href":"https:\/\/hotelrivierastrand.se\/dk\/wp-json\/wp\/v2\/types\/page"}],"author":[{"embeddable":true,"href":"https:\/\/hotelrivierastrand.se\/dk\/wp-json\/wp\/v2\/users\/1"}],"replies":[{"embeddable":true,"href":"https:\/\/hotelrivierastrand.se\/dk\/wp-json\/wp\/v2\/comments?post=232"}],"version-history":[{"count":10,"href":"https:\/\/hotelrivierastrand.se\/dk\/wp-json\/wp\/v2\/pages\/232\/revisions"}],"predecessor-version":[{"id":4025,"href":"https:\/\/hotelrivierastrand.se\/dk\/wp-json\/wp\/v2\/pages\/232\/revisions\/4025"}],"wp:attachment":[{"href":"https:\/\/hotelrivierastrand.se\/dk\/wp-json\/wp\/v2\/media?parent=232"}],"curies":[{"name":"wp","href":"https:\/\/api.w.org\/{rel}","templated":true}]}}