{"id":1414,"date":"2017-12-07T15:34:18","date_gmt":"2017-12-07T13:34:18","guid":{"rendered":"https:\/\/hotelrivierastrand.se\/en\/?page_id=1414"},"modified":"2025-05-13T11:06:04","modified_gmt":"2025-05-13T09:06:04","slug":"golf-bjare","status":"publish","type":"page","link":"https:\/\/hotelrivierastrand.se\/en\/sports-exercise\/golf-bjare\/","title":{"rendered":"Golf at Bj\u00e4rehalv\u00f6n"},"content":{"rendered":"","protected":false},"excerpt":{"rendered":"","protected":false},"author":7,"featured_media":0,"parent":200,"menu_order":0,"comment_status":"closed","ping_status":"closed","template":"","meta":{"_acf_changed":false,"_relevanssi_hide_post":"","_relevanssi_pin_for_all":"","_relevanssi_pin_keywords":"","_relevanssi_unpin_keywords":"","_relevanssi_related_keywords":"","_relevanssi_related_include_ids":"","_relevanssi_related_exclude_ids":"","_relevanssi_related_no_append":"","_relevanssi_related_not_related":"","_relevanssi_related_posts":"","_relevanssi_noindex_reason":"","footnotes":""},"class_list":["post-1414","page","type-page","status-publish","hentry"],"acf":[],"yoast_head":"<!-- This site is optimized with the Yoast SEO plugin v24.2 - https:\/\/yoast.com\/wordpress\/plugins\/seo\/ -->\n<title>Scandinavia&#039;s Best - Golf Bj\u00e4rehalv\u00f6n at the Hotel Riviera Strand<\/title>\n<meta name=\"description\" content=\"Since the beginning of the 30&#039;s, many have flocked to B\u00e5stad and Bj\u00e4re to enjoy the amazing nature and play golf. Book golf package at Hotel Riviera Strand.\" \/>\n<meta name=\"robots\" content=\"index, follow, max-snippet:-1, max-image-preview:large, max-video-preview:-1\" \/>\n<link rel=\"canonical\" href=\"https:\/\/hotelrivierastrand.se\/en\/sports-exercise\/golf-bjare\/\" \/>\n<meta property=\"og:locale\" content=\"sv_SE\" \/>\n<meta property=\"og:type\" content=\"article\" \/>\n<meta property=\"og:title\" content=\"Scandinavia&#039;s Best - Golf Bj\u00e4rehalv\u00f6n at the Hotel Riviera Strand\" \/>\n<meta property=\"og:description\" content=\"Since the beginning of the 30&#039;s, many have flocked to B\u00e5stad and Bj\u00e4re to enjoy the amazing nature and play golf. Book golf package at Hotel Riviera Strand.\" \/>\n<meta property=\"og:url\" content=\"https:\/\/hotelrivierastrand.se\/en\/sports-exercise\/golf-bjare\/\" \/>\n<meta property=\"og:site_name\" content=\"Hotel Riviera Strand\" \/>\n<meta property=\"article:modified_time\" content=\"2025-05-13T09:06:04+00:00\" \/>\n<meta name=\"twitter:card\" content=\"summary_large_image\" \/>\n<script type=\"application\/ld+json\" class=\"yoast-schema-graph\">{\"@context\":\"https:\/\/schema.org\",\"@graph\":[{\"@type\":\"WebPage\",\"@id\":\"https:\/\/hotelrivierastrand.se\/en\/sports-exercise\/golf-bjare\/\",\"url\":\"https:\/\/hotelrivierastrand.se\/en\/sports-exercise\/golf-bjare\/\",\"name\":\"Scandinavia's Best - Golf Bj\u00e4rehalv\u00f6n at the Hotel Riviera Strand\",\"isPartOf\":{\"@id\":\"https:\/\/hotelrivierastrand.se\/en\/#website\"},\"datePublished\":\"2017-12-07T13:34:18+00:00\",\"dateModified\":\"2025-05-13T09:06:04+00:00\",\"description\":\"Since the beginning of the 30's, many have flocked to B\u00e5stad and Bj\u00e4re to enjoy the amazing nature and play golf. Book golf package at Hotel Riviera Strand.\",\"breadcrumb\":{\"@id\":\"https:\/\/hotelrivierastrand.se\/en\/sports-exercise\/golf-bjare\/#breadcrumb\"},\"inLanguage\":\"sv-SE\",\"potentialAction\":[{\"@type\":\"ReadAction\",\"target\":[\"https:\/\/hotelrivierastrand.se\/en\/sports-exercise\/golf-bjare\/\"]}]},{\"@type\":\"BreadcrumbList\",\"@id\":\"https:\/\/hotelrivierastrand.se\/en\/sports-exercise\/golf-bjare\/#breadcrumb\",\"itemListElement\":[{\"@type\":\"ListItem\",\"position\":1,\"name\":\"Home\",\"item\":\"https:\/\/hotelrivierastrand.se\/en\/\"},{\"@type\":\"ListItem\",\"position\":2,\"name\":\"sports and exercise\",\"item\":\"https:\/\/hotelrivierastrand.se\/en\/sports-exercise\/\"},{\"@type\":\"ListItem\",\"position\":3,\"name\":\"Golf at Bj\u00e4rehalv\u00f6n\"}]},{\"@type\":\"WebSite\",\"@id\":\"https:\/\/hotelrivierastrand.se\/en\/#website\",\"url\":\"https:\/\/hotelrivierastrand.se\/en\/\",\"name\":\"Hotel Riviera Strand\",\"description\":\"\",\"potentialAction\":[{\"@type\":\"SearchAction\",\"target\":{\"@type\":\"EntryPoint\",\"urlTemplate\":\"https:\/\/hotelrivierastrand.se\/en\/?s={search_term_string}\"},\"query-input\":{\"@type\":\"PropertyValueSpecification\",\"valueRequired\":true,\"valueName\":\"search_term_string\"}}],\"inLanguage\":\"sv-SE\"}]}<\/script>\n<!-- \/ Yoast SEO plugin. -->","yoast_head_json":{"title":"Scandinavia's Best - Golf Bj\u00e4rehalv\u00f6n at the Hotel Riviera Strand","description":"Since the beginning of the 30's, many have flocked to B\u00e5stad and Bj\u00e4re to enjoy the amazing nature and play golf. Book golf package at Hotel Riviera Strand.","robots":{"index":"index","follow":"follow","max-snippet":"max-snippet:-1","max-image-preview":"max-image-preview:large","max-video-preview":"max-video-preview:-1"},"canonical":"https:\/\/hotelrivierastrand.se\/en\/sports-exercise\/golf-bjare\/","og_locale":"sv_SE","og_type":"article","og_title":"Scandinavia's Best - Golf Bj\u00e4rehalv\u00f6n at the Hotel Riviera Strand","og_description":"Since the beginning of the 30's, many have flocked to B\u00e5stad and Bj\u00e4re to enjoy the amazing nature and play golf. Book golf package at Hotel Riviera Strand.","og_url":"https:\/\/hotelrivierastrand.se\/en\/sports-exercise\/golf-bjare\/","og_site_name":"Hotel Riviera Strand","article_modified_time":"2025-05-13T09:06:04+00:00","twitter_card":"summary_large_image","schema":{"@context":"https:\/\/schema.org","@graph":[{"@type":"WebPage","@id":"https:\/\/hotelrivierastrand.se\/en\/sports-exercise\/golf-bjare\/","url":"https:\/\/hotelrivierastrand.se\/en\/sports-exercise\/golf-bjare\/","name":"Scandinavia's Best - Golf Bj\u00e4rehalv\u00f6n at the Hotel Riviera Strand","isPartOf":{"@id":"https:\/\/hotelrivierastrand.se\/en\/#website"},"datePublished":"2017-12-07T13:34:18+00:00","dateModified":"2025-05-13T09:06:04+00:00","description":"Since the beginning of the 30's, many have flocked to B\u00e5stad and Bj\u00e4re to enjoy the amazing nature and play golf. Book golf package at Hotel Riviera Strand.","breadcrumb":{"@id":"https:\/\/hotelrivierastrand.se\/en\/sports-exercise\/golf-bjare\/#breadcrumb"},"inLanguage":"sv-SE","potentialAction":[{"@type":"ReadAction","target":["https:\/\/hotelrivierastrand.se\/en\/sports-exercise\/golf-bjare\/"]}]},{"@type":"BreadcrumbList","@id":"https:\/\/hotelrivierastrand.se\/en\/sports-exercise\/golf-bjare\/#breadcrumb","itemListElement":[{"@type":"ListItem","position":1,"name":"Home","item":"https:\/\/hotelrivierastrand.se\/en\/"},{"@type":"ListItem","position":2,"name":"sports and exercise","item":"https:\/\/hotelrivierastrand.se\/en\/sports-exercise\/"},{"@type":"ListItem","position":3,"name":"Golf at Bj\u00e4rehalv\u00f6n"}]},{"@type":"WebSite","@id":"https:\/\/hotelrivierastrand.se\/en\/#website","url":"https:\/\/hotelrivierastrand.se\/en\/","name":"Hotel Riviera Strand","description":"","potentialAction":[{"@type":"SearchAction","target":{"@type":"EntryPoint","urlTemplate":"https:\/\/hotelrivierastrand.se\/en\/?s={search_term_string}"},"query-input":{"@type":"PropertyValueSpecification","valueRequired":true,"valueName":"search_term_string"}}],"inLanguage":"sv-SE"}]}},"_links":{"self":[{"href":"https:\/\/hotelrivierastrand.se\/en\/wp-json\/wp\/v2\/pages\/1414","targetHints":{"allow":["GET"]}}],"collection":[{"href":"https:\/\/hotelrivierastrand.se\/en\/wp-json\/wp\/v2\/pages"}],"about":[{"href":"https:\/\/hotelrivierastrand.se\/en\/wp-json\/wp\/v2\/types\/page"}],"author":[{"embeddable":true,"href":"https:\/\/hotelrivierastrand.se\/en\/wp-json\/wp\/v2\/users\/7"}],"replies":[{"embeddable":true,"href":"https:\/\/hotelrivierastrand.se\/en\/wp-json\/wp\/v2\/comments?post=1414"}],"version-history":[{"count":10,"href":"https:\/\/hotelrivierastrand.se\/en\/wp-json\/wp\/v2\/pages\/1414\/revisions"}],"predecessor-version":[{"id":3229,"href":"https:\/\/hotelrivierastrand.se\/en\/wp-json\/wp\/v2\/pages\/1414\/revisions\/3229"}],"up":[{"embeddable":true,"href":"https:\/\/hotelrivierastrand.se\/en\/wp-json\/wp\/v2\/pages\/200"}],"wp:attachment":[{"href":"https:\/\/hotelrivierastrand.se\/en\/wp-json\/wp\/v2\/media?parent=1414"}],"curies":[{"name":"wp","href":"https:\/\/api.w.org\/{rel}","templated":true}]}}