{"id":228,"date":"2017-09-26T11:34:58","date_gmt":"2017-09-26T09:34:58","guid":{"rendered":"https:\/\/hotelrivierastrand.se\/en\/?page_id=228"},"modified":"2025-05-13T14:33:44","modified_gmt":"2025-05-13T12:33:44","slug":"cycling","status":"publish","type":"page","link":"https:\/\/hotelrivierastrand.se\/en\/sports-exercise\/cycling\/","title":{"rendered":"Cycle training at Hallands\u00e5sen and Bj\u00e4rehalv\u00f6n"},"content":{"rendered":"","protected":false},"excerpt":{"rendered":"","protected":false},"author":1,"featured_media":0,"parent":200,"menu_order":0,"comment_status":"closed","ping_status":"closed","template":"","meta":{"_acf_changed":false,"_relevanssi_hide_post":"","_relevanssi_pin_for_all":"","_relevanssi_pin_keywords":"","_relevanssi_unpin_keywords":"","_relevanssi_related_keywords":"","_relevanssi_related_include_ids":"","_relevanssi_related_exclude_ids":"","_relevanssi_related_no_append":"","_relevanssi_related_not_related":"","_relevanssi_related_posts":"","_relevanssi_noindex_reason":"","footnotes":""},"class_list":["post-228","page","type-page","status-publish","hentry"],"acf":[],"yoast_head":"<!-- This site is optimized with the Yoast SEO plugin v24.2 - https:\/\/yoast.com\/wordpress\/plugins\/seo\/ -->\n<title>Cycle training Bj\u00e4rehalv\u00f6n och Hallands\u00e5se - Hotel Riviera Strand<\/title>\n<meta name=\"description\" content=\"Book a training weekend at Bj\u00e4rehalv\u00f6n and Hallands\u00e5sen and boost your cycle training with your cycling club. Accommodation and meals included!\" \/>\n<meta name=\"robots\" content=\"index, follow, max-snippet:-1, max-image-preview:large, max-video-preview:-1\" \/>\n<link rel=\"canonical\" href=\"https:\/\/hotelrivierastrand.se\/en\/sports-exercise\/cycling\/\" \/>\n<meta property=\"og:locale\" content=\"sv_SE\" \/>\n<meta property=\"og:type\" content=\"article\" \/>\n<meta property=\"og:title\" content=\"Cycle training Bj\u00e4rehalv\u00f6n och Hallands\u00e5se - Hotel Riviera Strand\" \/>\n<meta property=\"og:description\" content=\"Book a training weekend at Bj\u00e4rehalv\u00f6n and Hallands\u00e5sen and boost your cycle training with your cycling club. Accommodation and meals included!\" \/>\n<meta property=\"og:url\" content=\"https:\/\/hotelrivierastrand.se\/en\/sports-exercise\/cycling\/\" \/>\n<meta property=\"og:site_name\" content=\"Hotel Riviera Strand\" \/>\n<meta property=\"article:modified_time\" content=\"2025-05-13T12:33:44+00:00\" \/>\n<meta name=\"twitter:card\" content=\"summary_large_image\" \/>\n<script type=\"application\/ld+json\" class=\"yoast-schema-graph\">{\"@context\":\"https:\/\/schema.org\",\"@graph\":[{\"@type\":\"WebPage\",\"@id\":\"https:\/\/hotelrivierastrand.se\/en\/sports-exercise\/cycling\/\",\"url\":\"https:\/\/hotelrivierastrand.se\/en\/sports-exercise\/cycling\/\",\"name\":\"Cycle training Bj\u00e4rehalv\u00f6n och Hallands\u00e5se - Hotel Riviera Strand\",\"isPartOf\":{\"@id\":\"https:\/\/hotelrivierastrand.se\/en\/#website\"},\"datePublished\":\"2017-09-26T09:34:58+00:00\",\"dateModified\":\"2025-05-13T12:33:44+00:00\",\"description\":\"Book a training weekend at Bj\u00e4rehalv\u00f6n and Hallands\u00e5sen and boost your cycle training with your cycling club. Accommodation and meals included!\",\"breadcrumb\":{\"@id\":\"https:\/\/hotelrivierastrand.se\/en\/sports-exercise\/cycling\/#breadcrumb\"},\"inLanguage\":\"sv-SE\",\"potentialAction\":[{\"@type\":\"ReadAction\",\"target\":[\"https:\/\/hotelrivierastrand.se\/en\/sports-exercise\/cycling\/\"]}]},{\"@type\":\"BreadcrumbList\",\"@id\":\"https:\/\/hotelrivierastrand.se\/en\/sports-exercise\/cycling\/#breadcrumb\",\"itemListElement\":[{\"@type\":\"ListItem\",\"position\":1,\"name\":\"Home\",\"item\":\"https:\/\/hotelrivierastrand.se\/en\/\"},{\"@type\":\"ListItem\",\"position\":2,\"name\":\"sports and exercise\",\"item\":\"https:\/\/hotelrivierastrand.se\/en\/sports-exercise\/\"},{\"@type\":\"ListItem\",\"position\":3,\"name\":\"Cycle training at Hallands\u00e5sen and Bj\u00e4rehalv\u00f6n\"}]},{\"@type\":\"WebSite\",\"@id\":\"https:\/\/hotelrivierastrand.se\/en\/#website\",\"url\":\"https:\/\/hotelrivierastrand.se\/en\/\",\"name\":\"Hotel Riviera Strand\",\"description\":\"\",\"potentialAction\":[{\"@type\":\"SearchAction\",\"target\":{\"@type\":\"EntryPoint\",\"urlTemplate\":\"https:\/\/hotelrivierastrand.se\/en\/?s={search_term_string}\"},\"query-input\":{\"@type\":\"PropertyValueSpecification\",\"valueRequired\":true,\"valueName\":\"search_term_string\"}}],\"inLanguage\":\"sv-SE\"}]}<\/script>\n<!-- \/ Yoast SEO plugin. -->","yoast_head_json":{"title":"Cycle training Bj\u00e4rehalv\u00f6n och Hallands\u00e5se - Hotel Riviera Strand","description":"Book a training weekend at Bj\u00e4rehalv\u00f6n and Hallands\u00e5sen and boost your cycle training with your cycling club. Accommodation and meals included!","robots":{"index":"index","follow":"follow","max-snippet":"max-snippet:-1","max-image-preview":"max-image-preview:large","max-video-preview":"max-video-preview:-1"},"canonical":"https:\/\/hotelrivierastrand.se\/en\/sports-exercise\/cycling\/","og_locale":"sv_SE","og_type":"article","og_title":"Cycle training Bj\u00e4rehalv\u00f6n och Hallands\u00e5se - Hotel Riviera Strand","og_description":"Book a training weekend at Bj\u00e4rehalv\u00f6n and Hallands\u00e5sen and boost your cycle training with your cycling club. Accommodation and meals included!","og_url":"https:\/\/hotelrivierastrand.se\/en\/sports-exercise\/cycling\/","og_site_name":"Hotel Riviera Strand","article_modified_time":"2025-05-13T12:33:44+00:00","twitter_card":"summary_large_image","schema":{"@context":"https:\/\/schema.org","@graph":[{"@type":"WebPage","@id":"https:\/\/hotelrivierastrand.se\/en\/sports-exercise\/cycling\/","url":"https:\/\/hotelrivierastrand.se\/en\/sports-exercise\/cycling\/","name":"Cycle training Bj\u00e4rehalv\u00f6n och Hallands\u00e5se - Hotel Riviera Strand","isPartOf":{"@id":"https:\/\/hotelrivierastrand.se\/en\/#website"},"datePublished":"2017-09-26T09:34:58+00:00","dateModified":"2025-05-13T12:33:44+00:00","description":"Book a training weekend at Bj\u00e4rehalv\u00f6n and Hallands\u00e5sen and boost your cycle training with your cycling club. Accommodation and meals included!","breadcrumb":{"@id":"https:\/\/hotelrivierastrand.se\/en\/sports-exercise\/cycling\/#breadcrumb"},"inLanguage":"sv-SE","potentialAction":[{"@type":"ReadAction","target":["https:\/\/hotelrivierastrand.se\/en\/sports-exercise\/cycling\/"]}]},{"@type":"BreadcrumbList","@id":"https:\/\/hotelrivierastrand.se\/en\/sports-exercise\/cycling\/#breadcrumb","itemListElement":[{"@type":"ListItem","position":1,"name":"Home","item":"https:\/\/hotelrivierastrand.se\/en\/"},{"@type":"ListItem","position":2,"name":"sports and exercise","item":"https:\/\/hotelrivierastrand.se\/en\/sports-exercise\/"},{"@type":"ListItem","position":3,"name":"Cycle training at Hallands\u00e5sen and Bj\u00e4rehalv\u00f6n"}]},{"@type":"WebSite","@id":"https:\/\/hotelrivierastrand.se\/en\/#website","url":"https:\/\/hotelrivierastrand.se\/en\/","name":"Hotel Riviera Strand","description":"","potentialAction":[{"@type":"SearchAction","target":{"@type":"EntryPoint","urlTemplate":"https:\/\/hotelrivierastrand.se\/en\/?s={search_term_string}"},"query-input":{"@type":"PropertyValueSpecification","valueRequired":true,"valueName":"search_term_string"}}],"inLanguage":"sv-SE"}]}},"_links":{"self":[{"href":"https:\/\/hotelrivierastrand.se\/en\/wp-json\/wp\/v2\/pages\/228","targetHints":{"allow":["GET"]}}],"collection":[{"href":"https:\/\/hotelrivierastrand.se\/en\/wp-json\/wp\/v2\/pages"}],"about":[{"href":"https:\/\/hotelrivierastrand.se\/en\/wp-json\/wp\/v2\/types\/page"}],"author":[{"embeddable":true,"href":"https:\/\/hotelrivierastrand.se\/en\/wp-json\/wp\/v2\/users\/1"}],"replies":[{"embeddable":true,"href":"https:\/\/hotelrivierastrand.se\/en\/wp-json\/wp\/v2\/comments?post=228"}],"version-history":[{"count":12,"href":"https:\/\/hotelrivierastrand.se\/en\/wp-json\/wp\/v2\/pages\/228\/revisions"}],"predecessor-version":[{"id":3242,"href":"https:\/\/hotelrivierastrand.se\/en\/wp-json\/wp\/v2\/pages\/228\/revisions\/3242"}],"up":[{"embeddable":true,"href":"https:\/\/hotelrivierastrand.se\/en\/wp-json\/wp\/v2\/pages\/200"}],"wp:attachment":[{"href":"https:\/\/hotelrivierastrand.se\/en\/wp-json\/wp\/v2\/media?parent=228"}],"curies":[{"name":"wp","href":"https:\/\/api.w.org\/{rel}","templated":true}]}}